{"id":4935,"date":"2023-07-26T22:28:50","date_gmt":"2023-07-26T20:28:50","guid":{"rendered":"https:\/\/old.b2com.africa\/?post_type=product&#038;p=4935"},"modified":"2023-07-26T22:59:06","modified_gmt":"2023-07-26T20:59:06","slug":"roll-up-luxe","status":"publish","type":"product","link":"https:\/\/old.b2com.africa\/index.php\/product\/roll-up-luxe\/","title":{"rendered":"Roll up Luxe"},"content":{"rendered":"<p>Donnez de la hauteur \u00e0 votre communication en optant pour le roll up Luxe !<\/p>\n<p>Ce roll up moderne dispose d\u2019une grande solidit\u00e9 et de finitions chrom\u00e9es haute qualit\u00e9. Son rapport qualit\u00e9 \/ prix parfait en fera, pour s\u00fbr, une arme de s\u00e9duction massive pour communiquer tous azimuts.<\/p>\n<p>A l&#8217;inverse des mod\u00e8les classiques, ce kakemono autoportant est con\u00e7u sans pieds d\u00e9passants du bloc enrouleur.<\/p>\n<p>En outre, sa structure en aluminium fait de lui un support r\u00e9sistant et chic, sa base lui permettant m\u00eame de rester stable sur sols in\u00e9gaux.<\/p>\n<p>Disponible en deux formats avec deux mati\u00e8res au choix, certifi\u00e9es difficilement inflammable (norme allemande anti-feu B1).<\/p>\n","protected":false},"excerpt":{"rendered":"<h1 class=\"title-small\">Roll up \u00c9l\u00e9gant haut de gamme &#8211; Impression support PLV<\/h1>\n","protected":false},"author":5,"featured_media":4953,"comment_status":"open","ping_status":"closed","template":"","meta":{"content-type":""},"product_cat":[159,67,160],"product_tag":[],"_links":{"self":[{"href":"https:\/\/old.b2com.africa\/index.php\/wp-json\/wp\/v2\/product\/4935"}],"collection":[{"href":"https:\/\/old.b2com.africa\/index.php\/wp-json\/wp\/v2\/product"}],"about":[{"href":"https:\/\/old.b2com.africa\/index.php\/wp-json\/wp\/v2\/types\/product"}],"author":[{"embeddable":true,"href":"https:\/\/old.b2com.africa\/index.php\/wp-json\/wp\/v2\/users\/5"}],"replies":[{"embeddable":true,"href":"https:\/\/old.b2com.africa\/index.php\/wp-json\/wp\/v2\/comments?post=4935"}],"version-history":[{"count":1,"href":"https:\/\/old.b2com.africa\/index.php\/wp-json\/wp\/v2\/product\/4935\/revisions"}],"predecessor-version":[{"id":4952,"href":"https:\/\/old.b2com.africa\/index.php\/wp-json\/wp\/v2\/product\/4935\/revisions\/4952"}],"wp:featuredmedia":[{"embeddable":true,"href":"https:\/\/old.b2com.africa\/index.php\/wp-json\/wp\/v2\/media\/4953"}],"wp:attachment":[{"href":"https:\/\/old.b2com.africa\/index.php\/wp-json\/wp\/v2\/media?parent=4935"}],"wp:term":[{"taxonomy":"product_cat","embeddable":true,"href":"https:\/\/old.b2com.africa\/index.php\/wp-json\/wp\/v2\/product_cat?post=4935"},{"taxonomy":"product_tag","embeddable":true,"href":"https:\/\/old.b2com.africa\/index.php\/wp-json\/wp\/v2\/product_tag?post=4935"}],"curies":[{"name":"wp","href":"https:\/\/api.w.org\/{rel}","templated":true}]}}