{"id":4918,"date":"2023-07-24T14:50:18","date_gmt":"2023-07-24T12:50:18","guid":{"rendered":"https:\/\/old.b2com.africa\/?post_type=product&#038;p=4918"},"modified":"2023-07-26T23:02:59","modified_gmt":"2023-07-26T21:02:59","slug":"roll-up-eco","status":"publish","type":"product","link":"https:\/\/old.b2com.africa\/index.php\/product\/roll-up-eco\/","title":{"rendered":"Roll up Eco"},"content":{"rendered":"<p>Vous organisez un \u00e9v\u00e9nement one-shot ?<\/p>\n<p>Vous recherchez une PLV nomade pour un usage ponctuel ? Notre roll up \u00e9co est le support de communication qu\u2019il vous faut, en particulier si vous disposez d\u2019un petit budget.<\/p>\n<p>Utilisez ce roll up discount lors de vos salons, mais aussi pour vos conf\u00e9rences, r\u00e9unions, lancements de produits ou autres actions commerciales temporaires. Notre mod\u00e8le de roll up \u00e9co peut \u00eatre imprim\u00e9 sur 3 mati\u00e8res de b\u00e2che diff\u00e9rentes.<\/p>\n<p>Les mati\u00e8res premi\u00e8res sont certifi\u00e9es \u00a0difficilement inflammables (norme allemande anti-feu B1). 3 formats disponibles.<\/p>\n","protected":false},"excerpt":{"rendered":"<h1 class=\"title-small\">Impression roll up \u00c9co \u00e0 petit prix &#8211; Kak\u00e9mono roll up pas cher<\/h1>\n<p>Mati\u00e8re Aluminuim<\/p>\n","protected":false},"author":5,"featured_media":4955,"comment_status":"open","ping_status":"closed","template":"","meta":{"content-type":""},"product_cat":[159,67,160],"product_tag":[],"_links":{"self":[{"href":"https:\/\/old.b2com.africa\/index.php\/wp-json\/wp\/v2\/product\/4918"}],"collection":[{"href":"https:\/\/old.b2com.africa\/index.php\/wp-json\/wp\/v2\/product"}],"about":[{"href":"https:\/\/old.b2com.africa\/index.php\/wp-json\/wp\/v2\/types\/product"}],"author":[{"embeddable":true,"href":"https:\/\/old.b2com.africa\/index.php\/wp-json\/wp\/v2\/users\/5"}],"replies":[{"embeddable":true,"href":"https:\/\/old.b2com.africa\/index.php\/wp-json\/wp\/v2\/comments?post=4918"}],"version-history":[{"count":1,"href":"https:\/\/old.b2com.africa\/index.php\/wp-json\/wp\/v2\/product\/4918\/revisions"}],"predecessor-version":[{"id":4924,"href":"https:\/\/old.b2com.africa\/index.php\/wp-json\/wp\/v2\/product\/4918\/revisions\/4924"}],"wp:featuredmedia":[{"embeddable":true,"href":"https:\/\/old.b2com.africa\/index.php\/wp-json\/wp\/v2\/media\/4955"}],"wp:attachment":[{"href":"https:\/\/old.b2com.africa\/index.php\/wp-json\/wp\/v2\/media?parent=4918"}],"wp:term":[{"taxonomy":"product_cat","embeddable":true,"href":"https:\/\/old.b2com.africa\/index.php\/wp-json\/wp\/v2\/product_cat?post=4918"},{"taxonomy":"product_tag","embeddable":true,"href":"https:\/\/old.b2com.africa\/index.php\/wp-json\/wp\/v2\/product_tag?post=4918"}],"curies":[{"name":"wp","href":"https:\/\/api.w.org\/{rel}","templated":true}]}}