{"id":4907,"date":"2023-07-17T01:50:38","date_gmt":"2023-07-16T23:50:38","guid":{"rendered":"https:\/\/old.b2com.africa\/?post_type=product&#038;p=4907"},"modified":"2023-07-17T01:51:19","modified_gmt":"2023-07-16T23:51:19","slug":"doming-adhesif","status":"publish","type":"product","link":"https:\/\/old.b2com.africa\/index.php\/product\/doming-adhesif\/","title":{"rendered":"Doming Adh\u00e9sif"},"content":{"rendered":"<p>Le doming adh\u00e9sif est le choix id\u00e9al pour donner du relief \u00e0 votre communication et rendre votre visuel attrayant gr\u00e2ce \u00e0 son toucher unique et agr\u00e9able !<\/p>\n<p>\u00c0 l\u2019aspect bomb\u00e9, l\u2019autocollant en relief personnalis\u00e9 est compos\u00e9 d\u2019un vinyle blanc et d\u2019une r\u00e9sine polyur\u00e9thane transparente pour un effet 3D saisissant.<\/p>\n<p>Collez alors votre doming adh\u00e9sif sur des supports vari\u00e9s comme des v\u00e9hicules, des \u00e9quipements industriels et m\u00eame sur des salons pour garantir une communication de longue dur\u00e9e.<\/p>\n<p>Plusieurs formes de d\u00e9coupes disponibles.<\/p>\n","protected":false},"excerpt":{"rendered":"<h1 class=\"title-small\">Doming publicitaire &#8211; Mini-Autocollants en relief<\/h1>\n","protected":false},"author":5,"featured_media":4908,"comment_status":"open","ping_status":"closed","template":"","meta":{"content-type":""},"product_cat":[69,64,79],"product_tag":[],"_links":{"self":[{"href":"https:\/\/old.b2com.africa\/index.php\/wp-json\/wp\/v2\/product\/4907"}],"collection":[{"href":"https:\/\/old.b2com.africa\/index.php\/wp-json\/wp\/v2\/product"}],"about":[{"href":"https:\/\/old.b2com.africa\/index.php\/wp-json\/wp\/v2\/types\/product"}],"author":[{"embeddable":true,"href":"https:\/\/old.b2com.africa\/index.php\/wp-json\/wp\/v2\/users\/5"}],"replies":[{"embeddable":true,"href":"https:\/\/old.b2com.africa\/index.php\/wp-json\/wp\/v2\/comments?post=4907"}],"version-history":[{"count":1,"href":"https:\/\/old.b2com.africa\/index.php\/wp-json\/wp\/v2\/product\/4907\/revisions"}],"predecessor-version":[{"id":4911,"href":"https:\/\/old.b2com.africa\/index.php\/wp-json\/wp\/v2\/product\/4907\/revisions\/4911"}],"wp:featuredmedia":[{"embeddable":true,"href":"https:\/\/old.b2com.africa\/index.php\/wp-json\/wp\/v2\/media\/4908"}],"wp:attachment":[{"href":"https:\/\/old.b2com.africa\/index.php\/wp-json\/wp\/v2\/media?parent=4907"}],"wp:term":[{"taxonomy":"product_cat","embeddable":true,"href":"https:\/\/old.b2com.africa\/index.php\/wp-json\/wp\/v2\/product_cat?post=4907"},{"taxonomy":"product_tag","embeddable":true,"href":"https:\/\/old.b2com.africa\/index.php\/wp-json\/wp\/v2\/product_tag?post=4907"}],"curies":[{"name":"wp","href":"https:\/\/api.w.org\/{rel}","templated":true}]}}