{"id":4889,"date":"2023-07-17T01:24:47","date_gmt":"2023-07-16T23:24:47","guid":{"rendered":"https:\/\/old.b2com.africa\/?post_type=product&#038;p=4889"},"modified":"2023-07-17T01:26:11","modified_gmt":"2023-07-16T23:26:11","slug":"stickers-transparents","status":"publish","type":"product","link":"https:\/\/old.b2com.africa\/index.php\/product\/stickers-transparents\/","title":{"rendered":"Stickers transparents"},"content":{"rendered":"<p>Mettez en avant votre produit ou enseigne gr\u00e2ce aux stickers transparents personnalis\u00e9s !<\/p>\n<p>Ce support de communication apporte uniquement l\u2019\u00e9l\u00e9ment d\u00e9coratif sur le produit sans le recouvrir.<\/p>\n<p>Parfaits pour \u00eatre appos\u00e9 sur les vitrines, les vitres, les bouteilles, comme \u00e9tiquettes de produits, les stickers transparents sont le support incontournable pour donner un meilleur rendu pour des logos complexes ou de petite tailles.<\/p>\n","protected":false},"excerpt":{"rendered":"<h1 class=\"title-small\">Sticker transparent, autocollant publicitaire &#8211; Sticker personnalis\u00e9.<\/h1>\n","protected":false},"author":5,"featured_media":4903,"comment_status":"open","ping_status":"closed","template":"","meta":{"content-type":""},"product_cat":[69,64,79],"product_tag":[],"_links":{"self":[{"href":"https:\/\/old.b2com.africa\/index.php\/wp-json\/wp\/v2\/product\/4889"}],"collection":[{"href":"https:\/\/old.b2com.africa\/index.php\/wp-json\/wp\/v2\/product"}],"about":[{"href":"https:\/\/old.b2com.africa\/index.php\/wp-json\/wp\/v2\/types\/product"}],"author":[{"embeddable":true,"href":"https:\/\/old.b2com.africa\/index.php\/wp-json\/wp\/v2\/users\/5"}],"replies":[{"embeddable":true,"href":"https:\/\/old.b2com.africa\/index.php\/wp-json\/wp\/v2\/comments?post=4889"}],"version-history":[{"count":1,"href":"https:\/\/old.b2com.africa\/index.php\/wp-json\/wp\/v2\/product\/4889\/revisions"}],"predecessor-version":[{"id":4904,"href":"https:\/\/old.b2com.africa\/index.php\/wp-json\/wp\/v2\/product\/4889\/revisions\/4904"}],"wp:featuredmedia":[{"embeddable":true,"href":"https:\/\/old.b2com.africa\/index.php\/wp-json\/wp\/v2\/media\/4903"}],"wp:attachment":[{"href":"https:\/\/old.b2com.africa\/index.php\/wp-json\/wp\/v2\/media?parent=4889"}],"wp:term":[{"taxonomy":"product_cat","embeddable":true,"href":"https:\/\/old.b2com.africa\/index.php\/wp-json\/wp\/v2\/product_cat?post=4889"},{"taxonomy":"product_tag","embeddable":true,"href":"https:\/\/old.b2com.africa\/index.php\/wp-json\/wp\/v2\/product_tag?post=4889"}],"curies":[{"name":"wp","href":"https:\/\/api.w.org\/{rel}","templated":true}]}}