{"id":4886,"date":"2023-07-16T23:37:14","date_gmt":"2023-07-16T21:37:14","guid":{"rendered":"https:\/\/old.b2com.africa\/?post_type=product&#038;p=4886"},"modified":"2023-07-17T00:52:47","modified_gmt":"2023-07-16T22:52:47","slug":"stickers-decoupes-en-planche","status":"publish","type":"product","link":"https:\/\/old.b2com.africa\/index.php\/product\/stickers-decoupes-en-planche\/","title":{"rendered":"Stickers d\u00e9coup\u00e9s en planche"},"content":{"rendered":"<p>Faites d\u2019une pierre deux coups et optez pour les stickers d\u00e9coup\u00e9s en planche : vous profitez des diff\u00e9rentes cr\u00e9ations et vous \u00e9conomisez les frais de calage !<\/p>\n<p>Pour une communication originale et ludique, r\u00e9alisez des planches de stickers 100% personnalisables et amalgamez plusieurs autocollants sur un m\u00eame support !<\/p>\n<p>Ainsi, vous pourrez placer autant de stickers de tailles et de formes diff\u00e9rentes sur des planches au format A2, A3, A4 et A5 afin de r\u00e9pondre \u00e0 tous vos besoins.<\/p>\n<p>Pour sortir du lot, nous vous proposons des finitions sp\u00e9ciales (laminage or, argent et vernis s\u00e9lectif) pour un rendu nec plus ultra !<\/p>\n","protected":false},"excerpt":{"rendered":"<h1 class=\"title-small\">Stickers d\u00e9coup\u00e9s en planche &#8211; Impression en amalgame.<\/h1>\n","protected":false},"author":5,"featured_media":4887,"comment_status":"open","ping_status":"closed","template":"","meta":{"content-type":""},"product_cat":[69,64,79],"product_tag":[],"_links":{"self":[{"href":"https:\/\/old.b2com.africa\/index.php\/wp-json\/wp\/v2\/product\/4886"}],"collection":[{"href":"https:\/\/old.b2com.africa\/index.php\/wp-json\/wp\/v2\/product"}],"about":[{"href":"https:\/\/old.b2com.africa\/index.php\/wp-json\/wp\/v2\/types\/product"}],"author":[{"embeddable":true,"href":"https:\/\/old.b2com.africa\/index.php\/wp-json\/wp\/v2\/users\/5"}],"replies":[{"embeddable":true,"href":"https:\/\/old.b2com.africa\/index.php\/wp-json\/wp\/v2\/comments?post=4886"}],"version-history":[{"count":1,"href":"https:\/\/old.b2com.africa\/index.php\/wp-json\/wp\/v2\/product\/4886\/revisions"}],"predecessor-version":[{"id":4888,"href":"https:\/\/old.b2com.africa\/index.php\/wp-json\/wp\/v2\/product\/4886\/revisions\/4888"}],"wp:featuredmedia":[{"embeddable":true,"href":"https:\/\/old.b2com.africa\/index.php\/wp-json\/wp\/v2\/media\/4887"}],"wp:attachment":[{"href":"https:\/\/old.b2com.africa\/index.php\/wp-json\/wp\/v2\/media?parent=4886"}],"wp:term":[{"taxonomy":"product_cat","embeddable":true,"href":"https:\/\/old.b2com.africa\/index.php\/wp-json\/wp\/v2\/product_cat?post=4886"},{"taxonomy":"product_tag","embeddable":true,"href":"https:\/\/old.b2com.africa\/index.php\/wp-json\/wp\/v2\/product_tag?post=4886"}],"curies":[{"name":"wp","href":"https:\/\/api.w.org\/{rel}","templated":true}]}}