{"id":4879,"date":"2023-07-16T23:06:49","date_gmt":"2023-07-16T21:06:49","guid":{"rendered":"https:\/\/old.b2com.africa\/?post_type=product&#038;p=4879"},"modified":"2023-07-16T23:06:53","modified_gmt":"2023-07-16T21:06:53","slug":"cartons-dinvitation-sur-papier-recycle","status":"publish","type":"product","link":"https:\/\/old.b2com.africa\/index.php\/product\/cartons-dinvitation-sur-papier-recycle\/","title":{"rendered":"Cartons d&#8217;invitation sur Papier recycl\u00e9"},"content":{"rendered":"<p>Vous souhaitez organiser un \u00e9v\u00e9nement mais vous ne savez pas par quel moyen l\u2019annoncer ?<\/p>\n<p>Les cartons d\u2019invitation recycl\u00e9s sont parfaits pour une communication \u00e9co-responsable !<\/p>\n<p>Lors d\u2019un \u00e9v\u00e9nement professionnel pour votre entreprise, le carton d\u2019invitation \u00e9cologique refl\u00e8tera l\u2019image de votre entreprise ce qui est essentiel pour entretenir une bonne relation client et permet de montrer \u00e0 vos collaborateurs et \u00e0 vos clients, l\u2019int\u00e9r\u00eat que vous portez \u00e0 l&#8217;environnement.<\/p>\n<p>Vous pourrez ajouter le logo, le slogan, le texte, ou encore les couleurs de votre choix afin de retenir l\u2019attention de vos destinataires.<\/p>\n","protected":false},"excerpt":{"rendered":"<h1 class=\"title-small\">Carton d\u2019invitation recycl\u00e9 pour communiquer \u00e9coresponsable.<\/h1>\n","protected":false},"author":5,"featured_media":4882,"comment_status":"open","ping_status":"closed","template":"","meta":{"content-type":""},"product_cat":[76,69,64],"product_tag":[],"_links":{"self":[{"href":"https:\/\/old.b2com.africa\/index.php\/wp-json\/wp\/v2\/product\/4879"}],"collection":[{"href":"https:\/\/old.b2com.africa\/index.php\/wp-json\/wp\/v2\/product"}],"about":[{"href":"https:\/\/old.b2com.africa\/index.php\/wp-json\/wp\/v2\/types\/product"}],"author":[{"embeddable":true,"href":"https:\/\/old.b2com.africa\/index.php\/wp-json\/wp\/v2\/users\/5"}],"replies":[{"embeddable":true,"href":"https:\/\/old.b2com.africa\/index.php\/wp-json\/wp\/v2\/comments?post=4879"}],"version-history":[{"count":1,"href":"https:\/\/old.b2com.africa\/index.php\/wp-json\/wp\/v2\/product\/4879\/revisions"}],"predecessor-version":[{"id":4883,"href":"https:\/\/old.b2com.africa\/index.php\/wp-json\/wp\/v2\/product\/4879\/revisions\/4883"}],"wp:featuredmedia":[{"embeddable":true,"href":"https:\/\/old.b2com.africa\/index.php\/wp-json\/wp\/v2\/media\/4882"}],"wp:attachment":[{"href":"https:\/\/old.b2com.africa\/index.php\/wp-json\/wp\/v2\/media?parent=4879"}],"wp:term":[{"taxonomy":"product_cat","embeddable":true,"href":"https:\/\/old.b2com.africa\/index.php\/wp-json\/wp\/v2\/product_cat?post=4879"},{"taxonomy":"product_tag","embeddable":true,"href":"https:\/\/old.b2com.africa\/index.php\/wp-json\/wp\/v2\/product_tag?post=4879"}],"curies":[{"name":"wp","href":"https:\/\/api.w.org\/{rel}","templated":true}]}}