{"id":4875,"date":"2023-07-16T22:38:07","date_gmt":"2023-07-16T20:38:07","guid":{"rendered":"https:\/\/old.b2com.africa\/?post_type=product&#038;p=4875"},"modified":"2023-07-16T23:21:14","modified_gmt":"2023-07-16T21:21:14","slug":"carte-de-correspondance-ou-postale","status":"publish","type":"product","link":"https:\/\/old.b2com.africa\/index.php\/product\/carte-de-correspondance-ou-postale\/","title":{"rendered":"Carte de Correspondance ou Postale"},"content":{"rendered":"<p>La carte de correspondance constitue un support de communication id\u00e9al pour notifier vos invit\u00e9s de l\u2019\u00e9v\u00e9nement que vous pr\u00e9parez.<\/p>\n<p>En effet, \u00e0 la fois \u00e9paisse et longue, elle vous permet de noter tous les d\u00e9tails importants li\u00e9s \u00e0 votre \u00e9v\u00e9nement et son format ne risque pas de passer inaper\u00e7u dans la bo\u00eete aux lettres de vos destinataires.<\/p>\n<p>La carte de correspondance sera le carton d\u2019invitation par excellence pour communiquer sur votre \u00e9v\u00e9nement professionnel, mais elle peut aussi servir pour vos \u00e9changes professionnels au quotidien. Disponible en 2 grammages.<\/p>\n<p>Lors de vos lancements de nouveaux produits, optez pour la carte postale personnalis\u00e9e au format A6 et r\u00e9alis\u00e9e en papier postcard de luxe pour faire conna\u00eetre vos nouveaut\u00e9s \u00e0 vos clients ! C\u2019est un excellent moyen de les pr\u00e9senter vos nouvelles innovations et les inciter \u00e0 venir les d\u00e9couvrir lors d\u2019un salon ou dans votre magasin.<\/p>\n","protected":false},"excerpt":{"rendered":"<h1 class=\"title-small\">Fid\u00e9lisez votre client\u00e8le avec des cartes de correspondance professionnelles.<\/h1>\n<h1 class=\"title-small\">Carte postale personnalis\u00e9e &#8211; Impression carton d&#8217;invitation (A6)<\/h1>\n","protected":false},"author":5,"featured_media":4884,"comment_status":"open","ping_status":"closed","template":"","meta":{"content-type":""},"product_cat":[76,69,64],"product_tag":[],"_links":{"self":[{"href":"https:\/\/old.b2com.africa\/index.php\/wp-json\/wp\/v2\/product\/4875"}],"collection":[{"href":"https:\/\/old.b2com.africa\/index.php\/wp-json\/wp\/v2\/product"}],"about":[{"href":"https:\/\/old.b2com.africa\/index.php\/wp-json\/wp\/v2\/types\/product"}],"author":[{"embeddable":true,"href":"https:\/\/old.b2com.africa\/index.php\/wp-json\/wp\/v2\/users\/5"}],"replies":[{"embeddable":true,"href":"https:\/\/old.b2com.africa\/index.php\/wp-json\/wp\/v2\/comments?post=4875"}],"version-history":[{"count":2,"href":"https:\/\/old.b2com.africa\/index.php\/wp-json\/wp\/v2\/product\/4875\/revisions"}],"predecessor-version":[{"id":4885,"href":"https:\/\/old.b2com.africa\/index.php\/wp-json\/wp\/v2\/product\/4875\/revisions\/4885"}],"wp:featuredmedia":[{"embeddable":true,"href":"https:\/\/old.b2com.africa\/index.php\/wp-json\/wp\/v2\/media\/4884"}],"wp:attachment":[{"href":"https:\/\/old.b2com.africa\/index.php\/wp-json\/wp\/v2\/media?parent=4875"}],"wp:term":[{"taxonomy":"product_cat","embeddable":true,"href":"https:\/\/old.b2com.africa\/index.php\/wp-json\/wp\/v2\/product_cat?post=4875"},{"taxonomy":"product_tag","embeddable":true,"href":"https:\/\/old.b2com.africa\/index.php\/wp-json\/wp\/v2\/product_tag?post=4875"}],"curies":[{"name":"wp","href":"https:\/\/api.w.org\/{rel}","templated":true}]}}