{"id":4869,"date":"2023-07-16T22:23:06","date_gmt":"2023-07-16T20:23:06","guid":{"rendered":"https:\/\/old.b2com.africa\/?post_type=product&#038;p=4869"},"modified":"2023-07-16T22:24:33","modified_gmt":"2023-07-16T20:24:33","slug":"cartons-dinvitation-avec-finitions-speciales","status":"publish","type":"product","link":"https:\/\/old.b2com.africa\/index.php\/product\/cartons-dinvitation-avec-finitions-speciales\/","title":{"rendered":"Cartons d&#8217;invitation avec Finitions sp\u00e9ciales"},"content":{"rendered":"<p>Vous organisez une f\u00eate d\u2019entreprise, une inauguration, un colloque, un vernissage, ou une manifestation priv\u00e9e, n\u2019oubliez de faire imprimer vos cartons d\u2019invitation avec finitions sp\u00e9ciales !<\/p>\n<p>Ces supports de communication permettent tout d\u2019abord d\u2019inviter vos collaborateurs, clients, famille et amis.<\/p>\n<p>Un carton d\u2019invitation haut de gamme est un support \u00e0 r\u00e9aliser avec attention car il doit envoyer une image positive de votre entreprise.<\/p>\n<p>Vous relayez gr\u00e2ce au faire-part personnalis\u00e9 votre image de marque !<\/p>\n<p>Pour vos manifestions ou soir\u00e9es priv\u00e9es comme les anniversaire, bapt\u00eame, communion ou mariage, r\u00e9alisez vous m\u00eame des faire part originaux et prestige pour marquer le coup !<\/p>\n","protected":false},"excerpt":{"rendered":"<h1 class=\"title-small\">Carton d\u2019invitation pour promouvoir avec \u00e9l\u00e9gance un \u00e9v\u00e9nement.<\/h1>\n","protected":false},"author":5,"featured_media":4870,"comment_status":"open","ping_status":"closed","template":"","meta":{"content-type":""},"product_cat":[76,69,64],"product_tag":[],"_links":{"self":[{"href":"https:\/\/old.b2com.africa\/index.php\/wp-json\/wp\/v2\/product\/4869"}],"collection":[{"href":"https:\/\/old.b2com.africa\/index.php\/wp-json\/wp\/v2\/product"}],"about":[{"href":"https:\/\/old.b2com.africa\/index.php\/wp-json\/wp\/v2\/types\/product"}],"author":[{"embeddable":true,"href":"https:\/\/old.b2com.africa\/index.php\/wp-json\/wp\/v2\/users\/5"}],"replies":[{"embeddable":true,"href":"https:\/\/old.b2com.africa\/index.php\/wp-json\/wp\/v2\/comments?post=4869"}],"version-history":[{"count":2,"href":"https:\/\/old.b2com.africa\/index.php\/wp-json\/wp\/v2\/product\/4869\/revisions"}],"predecessor-version":[{"id":4874,"href":"https:\/\/old.b2com.africa\/index.php\/wp-json\/wp\/v2\/product\/4869\/revisions\/4874"}],"wp:featuredmedia":[{"embeddable":true,"href":"https:\/\/old.b2com.africa\/index.php\/wp-json\/wp\/v2\/media\/4870"}],"wp:attachment":[{"href":"https:\/\/old.b2com.africa\/index.php\/wp-json\/wp\/v2\/media?parent=4869"}],"wp:term":[{"taxonomy":"product_cat","embeddable":true,"href":"https:\/\/old.b2com.africa\/index.php\/wp-json\/wp\/v2\/product_cat?post=4869"},{"taxonomy":"product_tag","embeddable":true,"href":"https:\/\/old.b2com.africa\/index.php\/wp-json\/wp\/v2\/product_tag?post=4869"}],"curies":[{"name":"wp","href":"https:\/\/api.w.org\/{rel}","templated":true}]}}