{"id":4862,"date":"2023-07-16T21:54:27","date_gmt":"2023-07-16T19:54:27","guid":{"rendered":"https:\/\/old.b2com.africa\/?post_type=product&#038;p=4862"},"modified":"2023-07-17T13:05:48","modified_gmt":"2023-07-17T11:05:48","slug":"cartes-pvc-avec-finitions-speciales","status":"publish","type":"product","link":"https:\/\/old.b2com.africa\/index.php\/product\/cartes-pvc-avec-finitions-speciales\/","title":{"rendered":"Cartes PVC avec finitions sp\u00e9ciales"},"content":{"rendered":"<p>Pour sortir du lot et rendre vos cartes PVC rigides plus attractives, choisissez une dorure or, argent ou vernis 3D qui donnera plus de clinquant et qui attirera mieux l\u2019attention de votre client\u00e8le.<\/p>\n<p>Pour cela, apportez de la brillance \u00e0 votre carte d&#8217;entreprise personnalis\u00e9e en mettant en lumi\u00e8re certains renseignements tel que le nom de votre soci\u00e9t\u00e9 gr\u00e2ce aux finitions sp\u00e9ciales.<\/p>\n","protected":false},"excerpt":{"rendered":"<h1 class=\"title-small\">Carte PVC avec finitions sp\u00e9ciales pour une communication unique<\/h1>\n","protected":false},"author":5,"featured_media":4912,"comment_status":"open","ping_status":"closed","template":"","meta":{"content-type":""},"product_cat":[75,69,64],"product_tag":[],"_links":{"self":[{"href":"https:\/\/old.b2com.africa\/index.php\/wp-json\/wp\/v2\/product\/4862"}],"collection":[{"href":"https:\/\/old.b2com.africa\/index.php\/wp-json\/wp\/v2\/product"}],"about":[{"href":"https:\/\/old.b2com.africa\/index.php\/wp-json\/wp\/v2\/types\/product"}],"author":[{"embeddable":true,"href":"https:\/\/old.b2com.africa\/index.php\/wp-json\/wp\/v2\/users\/5"}],"replies":[{"embeddable":true,"href":"https:\/\/old.b2com.africa\/index.php\/wp-json\/wp\/v2\/comments?post=4862"}],"version-history":[{"count":1,"href":"https:\/\/old.b2com.africa\/index.php\/wp-json\/wp\/v2\/product\/4862\/revisions"}],"predecessor-version":[{"id":4864,"href":"https:\/\/old.b2com.africa\/index.php\/wp-json\/wp\/v2\/product\/4862\/revisions\/4864"}],"wp:featuredmedia":[{"embeddable":true,"href":"https:\/\/old.b2com.africa\/index.php\/wp-json\/wp\/v2\/media\/4912"}],"wp:attachment":[{"href":"https:\/\/old.b2com.africa\/index.php\/wp-json\/wp\/v2\/media?parent=4862"}],"wp:term":[{"taxonomy":"product_cat","embeddable":true,"href":"https:\/\/old.b2com.africa\/index.php\/wp-json\/wp\/v2\/product_cat?post=4862"},{"taxonomy":"product_tag","embeddable":true,"href":"https:\/\/old.b2com.africa\/index.php\/wp-json\/wp\/v2\/product_tag?post=4862"}],"curies":[{"name":"wp","href":"https:\/\/api.w.org\/{rel}","templated":true}]}}