{"id":4650,"date":"2023-07-15T13:58:00","date_gmt":"2023-07-15T11:58:00","guid":{"rendered":"https:\/\/old.b2com.africa\/?post_type=product&#038;p=4650"},"modified":"2025-09-26T14:30:59","modified_gmt":"2025-09-26T12:30:59","slug":"carte-de-voeux-nouvel-an","status":"publish","type":"product","link":"https:\/\/old.b2com.africa\/index.php\/product\/carte-de-voeux-nouvel-an\/","title":{"rendered":"Carte de v\u0153ux Nouvel An"},"content":{"rendered":"<p>L\u2019envoi\u00a0de carte de v\u0153ux est un moment important dans la vie d\u2019une entreprise et m\u00eame si \u00e0 l&#8217;\u00e8re du num\u00e9rique elle se digitalise, la carte de v\u0153ux imprim\u00e9e et personnalis\u00e9e a encore de tr\u00e8s beaux jours devant elle.<\/p>\n<p>En effet, la carte de v\u0153ux professionnelle est un incontournable de la communication corporate. La grande majorit\u00e9 des entreprises profitent de cette p\u00e9riode de v\u0153ux \u00e0 l\u2019occasion du nouvel an, pour tisser ou consolider des relations privil\u00e9gi\u00e9es avec leurs partenaires, clients ou prospects.<\/p>\n<p>La conception de votre carte de v\u0153ux, doit s\u2019accompagner d\u2019une v\u00e9ritable r\u00e9flexion sur le message (texte, photo, illustration) que vous souhaitez adresser au destinataire.<\/p>\n<p>Surprenez vos clients et partenaires en leur envoyant ce mod\u00e8le pour la nouvelle ann\u00e9e.<\/p>\n<p>B2COM vous aide et vous conseille pour concevoir et imprimer votre carte de v\u0153ux Nouvel An personnalis\u00e9e : un outil puissant, au service de votre strat\u00e9gie de communication.<\/p>\n<p>&nbsp;<\/p>\n","protected":false},"excerpt":{"rendered":"<h2>Souhaitez la nouvelle ann\u00e9e avec une carte de v\u0153ux \u00e0 votre image.<\/h2>\n","protected":false},"author":5,"featured_media":4651,"comment_status":"open","ping_status":"closed","template":"","meta":{"content-type":""},"product_cat":[74,69,64],"product_tag":[],"_links":{"self":[{"href":"https:\/\/old.b2com.africa\/index.php\/wp-json\/wp\/v2\/product\/4650"}],"collection":[{"href":"https:\/\/old.b2com.africa\/index.php\/wp-json\/wp\/v2\/product"}],"about":[{"href":"https:\/\/old.b2com.africa\/index.php\/wp-json\/wp\/v2\/types\/product"}],"author":[{"embeddable":true,"href":"https:\/\/old.b2com.africa\/index.php\/wp-json\/wp\/v2\/users\/5"}],"replies":[{"embeddable":true,"href":"https:\/\/old.b2com.africa\/index.php\/wp-json\/wp\/v2\/comments?post=4650"}],"version-history":[{"count":1,"href":"https:\/\/old.b2com.africa\/index.php\/wp-json\/wp\/v2\/product\/4650\/revisions"}],"predecessor-version":[{"id":4654,"href":"https:\/\/old.b2com.africa\/index.php\/wp-json\/wp\/v2\/product\/4650\/revisions\/4654"}],"wp:featuredmedia":[{"embeddable":true,"href":"https:\/\/old.b2com.africa\/index.php\/wp-json\/wp\/v2\/media\/4651"}],"wp:attachment":[{"href":"https:\/\/old.b2com.africa\/index.php\/wp-json\/wp\/v2\/media?parent=4650"}],"wp:term":[{"taxonomy":"product_cat","embeddable":true,"href":"https:\/\/old.b2com.africa\/index.php\/wp-json\/wp\/v2\/product_cat?post=4650"},{"taxonomy":"product_tag","embeddable":true,"href":"https:\/\/old.b2com.africa\/index.php\/wp-json\/wp\/v2\/product_tag?post=4650"}],"curies":[{"name":"wp","href":"https:\/\/api.w.org\/{rel}","templated":true}]}}