{"id":4620,"date":"2023-07-15T00:53:49","date_gmt":"2023-07-14T22:53:49","guid":{"rendered":"https:\/\/old.b2com.africa\/?post_type=product&#038;p=4620"},"modified":"2023-07-15T13:30:23","modified_gmt":"2023-07-15T11:30:23","slug":"cartes-de-visite-finitions-speciales","status":"publish","type":"product","link":"https:\/\/old.b2com.africa\/index.php\/product\/cartes-de-visite-finitions-speciales\/","title":{"rendered":"Cartes de visite Finitions sp\u00e9ciales"},"content":{"rendered":"<p>Saisissante, la carte de visite avec finition sp\u00e9ciale sera votre meilleure alli\u00e9e pour cr\u00e9er de nouvelles opportunit\u00e9s d&#8217;affaires et briller en toute circonstance !<\/p>\n<p>Les d\u00e9tails chics propos\u00e9s par la gamme prestige offriront \u00e0 vos cartes de visite une originalit\u00e9 unique en son genre et mettront en exergue les d\u00e9tails de vos cr\u00e9ations.<\/p>\n<p>Nous mettons \u00e0 votre disposition un vaste choix de finitions pour faire ressortir vos cartes de visite du lot !<\/p>\n<p>Dimensions : 9 x 5 cm<\/p>\n<p>Pr\u00e9ciser \u00e0 la commande si vous souhaitez un papier couch\u00e9 brillant ou couch\u00e9 mat, cela n&#8217;aura aucun incident sur le prix.<\/p>\n","protected":false},"excerpt":{"rendered":"<h1 class=\"title-small\">Impression carte de visite finitions sp\u00e9ciales &#8211; Carte de visite luxe<\/h1>\n","protected":false},"author":5,"featured_media":4621,"comment_status":"open","ping_status":"closed","template":"","meta":{"content-type":""},"product_cat":[73,69,64],"product_tag":[],"_links":{"self":[{"href":"https:\/\/old.b2com.africa\/index.php\/wp-json\/wp\/v2\/product\/4620"}],"collection":[{"href":"https:\/\/old.b2com.africa\/index.php\/wp-json\/wp\/v2\/product"}],"about":[{"href":"https:\/\/old.b2com.africa\/index.php\/wp-json\/wp\/v2\/types\/product"}],"author":[{"embeddable":true,"href":"https:\/\/old.b2com.africa\/index.php\/wp-json\/wp\/v2\/users\/5"}],"replies":[{"embeddable":true,"href":"https:\/\/old.b2com.africa\/index.php\/wp-json\/wp\/v2\/comments?post=4620"}],"version-history":[{"count":1,"href":"https:\/\/old.b2com.africa\/index.php\/wp-json\/wp\/v2\/product\/4620\/revisions"}],"predecessor-version":[{"id":4622,"href":"https:\/\/old.b2com.africa\/index.php\/wp-json\/wp\/v2\/product\/4620\/revisions\/4622"}],"wp:featuredmedia":[{"embeddable":true,"href":"https:\/\/old.b2com.africa\/index.php\/wp-json\/wp\/v2\/media\/4621"}],"wp:attachment":[{"href":"https:\/\/old.b2com.africa\/index.php\/wp-json\/wp\/v2\/media?parent=4620"}],"wp:term":[{"taxonomy":"product_cat","embeddable":true,"href":"https:\/\/old.b2com.africa\/index.php\/wp-json\/wp\/v2\/product_cat?post=4620"},{"taxonomy":"product_tag","embeddable":true,"href":"https:\/\/old.b2com.africa\/index.php\/wp-json\/wp\/v2\/product_tag?post=4620"}],"curies":[{"name":"wp","href":"https:\/\/api.w.org\/{rel}","templated":true}]}}