{"id":4599,"date":"2023-07-14T23:55:09","date_gmt":"2023-07-14T21:55:09","guid":{"rendered":"https:\/\/old.b2com.africa\/?post_type=product&#038;p=4599"},"modified":"2023-07-14T23:55:09","modified_gmt":"2023-07-14T21:55:09","slug":"cartes-de-visite-ecologiques","status":"publish","type":"product","link":"https:\/\/old.b2com.africa\/index.php\/product\/cartes-de-visite-ecologiques\/","title":{"rendered":"Cartes de visite Ecologiques"},"content":{"rendered":"<p>Mettez en avant votre fibre \u00e9cologique avec la carte de visite en papier recycl\u00e9 !<\/p>\n<p>Qu&#8217;il s&#8217;agisse de la carte brune en texture rustique ou de la carte \u00e9colo blanche, ce support de communication tendance et respectueux de l\u2019environnement vous assurera une visibilit\u00e9 de taille avec sa teinte in\u00e9gal\u00e9e et son toucher l\u00e9g\u00e8rement rugueux ou classique.<\/p>\n<p>Dimensions : 9 x 5 cm<\/p>\n<p>Pr\u00e9ciser \u00e0 la commande si vous souhaitez un papier couch\u00e9 brillant ou couch\u00e9 mat, cela n&#8217;aura aucun incident sur le prix.<\/p>\n","protected":false},"excerpt":{"rendered":"<h1 class=\"title-small\">Impression carte de visite \u00e9colo -Carte de visite en papier recycl\u00e9<\/h1>\n","protected":false},"author":5,"featured_media":4606,"comment_status":"open","ping_status":"closed","template":"","meta":{"content-type":""},"product_cat":[73,69,64],"product_tag":[],"_links":{"self":[{"href":"https:\/\/old.b2com.africa\/index.php\/wp-json\/wp\/v2\/product\/4599"}],"collection":[{"href":"https:\/\/old.b2com.africa\/index.php\/wp-json\/wp\/v2\/product"}],"about":[{"href":"https:\/\/old.b2com.africa\/index.php\/wp-json\/wp\/v2\/types\/product"}],"author":[{"embeddable":true,"href":"https:\/\/old.b2com.africa\/index.php\/wp-json\/wp\/v2\/users\/5"}],"replies":[{"embeddable":true,"href":"https:\/\/old.b2com.africa\/index.php\/wp-json\/wp\/v2\/comments?post=4599"}],"version-history":[{"count":1,"href":"https:\/\/old.b2com.africa\/index.php\/wp-json\/wp\/v2\/product\/4599\/revisions"}],"predecessor-version":[{"id":4607,"href":"https:\/\/old.b2com.africa\/index.php\/wp-json\/wp\/v2\/product\/4599\/revisions\/4607"}],"wp:featuredmedia":[{"embeddable":true,"href":"https:\/\/old.b2com.africa\/index.php\/wp-json\/wp\/v2\/media\/4606"}],"wp:attachment":[{"href":"https:\/\/old.b2com.africa\/index.php\/wp-json\/wp\/v2\/media?parent=4599"}],"wp:term":[{"taxonomy":"product_cat","embeddable":true,"href":"https:\/\/old.b2com.africa\/index.php\/wp-json\/wp\/v2\/product_cat?post=4599"},{"taxonomy":"product_tag","embeddable":true,"href":"https:\/\/old.b2com.africa\/index.php\/wp-json\/wp\/v2\/product_tag?post=4599"}],"curies":[{"name":"wp","href":"https:\/\/api.w.org\/{rel}","templated":true}]}}