{"id":4589,"date":"2023-07-14T21:41:06","date_gmt":"2023-07-14T19:41:06","guid":{"rendered":"https:\/\/old.b2com.africa\/?post_type=product&#038;p=4589"},"modified":"2023-07-15T01:07:00","modified_gmt":"2023-07-14T23:07:00","slug":"cartes-de-visite-haut-de-gamme","status":"publish","type":"product","link":"https:\/\/old.b2com.africa\/index.php\/product\/cartes-de-visite-haut-de-gamme\/","title":{"rendered":"Cartes de visite Haut de gamme"},"content":{"rendered":"<p>Vous souhaitez r\u00e9aliser des cartes de visite sophistiqu\u00e9es qui sortent du lot ? Les cartes de visite premium sont faites pour vous !<\/p>\n<p>Id\u00e9ales pour \u00eatre distribu\u00e9es lors d&#8217;\u00e9v\u00e9nements exclusifs, elles permettront de vous pr\u00e9senter avec style et de laisser une impression que vos contacts ne sont pas pr\u00eats d&#8217;oublier.<\/p>\n<p>Nous vous proposons une vaste gamme de papiers sp\u00e9ciaux pour rehausser votre carte de visite.<\/p>\n<p>Nous mettons \u00e0 votre disposition un vaste choix de finitions pour faire ressortir vos cartes de visite du lot !<\/p>\n<p>Dimensions : 9 x 5 cm<\/p>\n<p>Pr\u00e9ciser \u00e0 la commande si vous souhaitez un papier couch\u00e9 brillant ou couch\u00e9 mat, cela n&#8217;aura aucun incident sur le prix.<\/p>\n","protected":false},"excerpt":{"rendered":"<h1 class=\"title-small\">Impression carte de visite haut de gamme &#8211; Carte de visite luxe<\/h1>\n","protected":false},"author":5,"featured_media":4625,"comment_status":"open","ping_status":"closed","template":"","meta":{"content-type":""},"product_cat":[73,69,64],"product_tag":[],"_links":{"self":[{"href":"https:\/\/old.b2com.africa\/index.php\/wp-json\/wp\/v2\/product\/4589"}],"collection":[{"href":"https:\/\/old.b2com.africa\/index.php\/wp-json\/wp\/v2\/product"}],"about":[{"href":"https:\/\/old.b2com.africa\/index.php\/wp-json\/wp\/v2\/types\/product"}],"author":[{"embeddable":true,"href":"https:\/\/old.b2com.africa\/index.php\/wp-json\/wp\/v2\/users\/5"}],"replies":[{"embeddable":true,"href":"https:\/\/old.b2com.africa\/index.php\/wp-json\/wp\/v2\/comments?post=4589"}],"version-history":[{"count":2,"href":"https:\/\/old.b2com.africa\/index.php\/wp-json\/wp\/v2\/product\/4589\/revisions"}],"predecessor-version":[{"id":4624,"href":"https:\/\/old.b2com.africa\/index.php\/wp-json\/wp\/v2\/product\/4589\/revisions\/4624"}],"wp:featuredmedia":[{"embeddable":true,"href":"https:\/\/old.b2com.africa\/index.php\/wp-json\/wp\/v2\/media\/4625"}],"wp:attachment":[{"href":"https:\/\/old.b2com.africa\/index.php\/wp-json\/wp\/v2\/media?parent=4589"}],"wp:term":[{"taxonomy":"product_cat","embeddable":true,"href":"https:\/\/old.b2com.africa\/index.php\/wp-json\/wp\/v2\/product_cat?post=4589"},{"taxonomy":"product_tag","embeddable":true,"href":"https:\/\/old.b2com.africa\/index.php\/wp-json\/wp\/v2\/product_tag?post=4589"}],"curies":[{"name":"wp","href":"https:\/\/api.w.org\/{rel}","templated":true}]}}