{"id":4578,"date":"2023-07-14T21:24:12","date_gmt":"2023-07-14T19:24:12","guid":{"rendered":"https:\/\/old.b2com.africa\/?post_type=product&#038;p=4578"},"modified":"2023-07-14T21:27:45","modified_gmt":"2023-07-14T19:27:45","slug":"cartes-de-visite-standard","status":"publish","type":"product","link":"https:\/\/old.b2com.africa\/index.php\/product\/cartes-de-visite-standard\/","title":{"rendered":"Cartes de visite Standard"},"content":{"rendered":"<p>Soignez votre premier contact et misez sur la carte de visite standard imprim\u00e9e aux couleurs de votre marque ! Ce support marketing est l&#8217;outil de communication par excellence, id\u00e9al pour vous faire conna\u00eetre et pour \u00e9changer vos coordonn\u00e9es avec votre interlocuteur. Devenue l&#8217;amie ins\u00e9parable des professionnels, la carte de pr\u00e9sentation standard personnalis\u00e9e fera bonne impression et vous pourrez la pr\u00e9senter pendant vos s\u00e9minaires, salons et autres \u00e9v\u00e9nements.<\/p>\n<p>Dimensions : 9 x 5 cm<\/p>\n<p>Pr\u00e9ciser \u00e0 la commande si vous souhaitez un papier couch\u00e9 brillant ou couch\u00e9 mat, cela n&#8217;aura aucun incident sur le prix.<\/p>\n","protected":false},"excerpt":{"rendered":"<h1 class=\"title-small\">Carte de Visite Pas Cher &#8211; Impression 100% Personnalis\u00e9e<\/h1>\n","protected":false},"author":5,"featured_media":4587,"comment_status":"open","ping_status":"closed","template":"","meta":{"content-type":""},"product_cat":[73,69,64],"product_tag":[],"_links":{"self":[{"href":"https:\/\/old.b2com.africa\/index.php\/wp-json\/wp\/v2\/product\/4578"}],"collection":[{"href":"https:\/\/old.b2com.africa\/index.php\/wp-json\/wp\/v2\/product"}],"about":[{"href":"https:\/\/old.b2com.africa\/index.php\/wp-json\/wp\/v2\/types\/product"}],"author":[{"embeddable":true,"href":"https:\/\/old.b2com.africa\/index.php\/wp-json\/wp\/v2\/users\/5"}],"replies":[{"embeddable":true,"href":"https:\/\/old.b2com.africa\/index.php\/wp-json\/wp\/v2\/comments?post=4578"}],"version-history":[{"count":1,"href":"https:\/\/old.b2com.africa\/index.php\/wp-json\/wp\/v2\/product\/4578\/revisions"}],"predecessor-version":[{"id":4588,"href":"https:\/\/old.b2com.africa\/index.php\/wp-json\/wp\/v2\/product\/4578\/revisions\/4588"}],"wp:featuredmedia":[{"embeddable":true,"href":"https:\/\/old.b2com.africa\/index.php\/wp-json\/wp\/v2\/media\/4587"}],"wp:attachment":[{"href":"https:\/\/old.b2com.africa\/index.php\/wp-json\/wp\/v2\/media?parent=4578"}],"wp:term":[{"taxonomy":"product_cat","embeddable":true,"href":"https:\/\/old.b2com.africa\/index.php\/wp-json\/wp\/v2\/product_cat?post=4578"},{"taxonomy":"product_tag","embeddable":true,"href":"https:\/\/old.b2com.africa\/index.php\/wp-json\/wp\/v2\/product_tag?post=4578"}],"curies":[{"name":"wp","href":"https:\/\/api.w.org\/{rel}","templated":true}]}}