{"id":4554,"date":"2023-07-14T14:54:19","date_gmt":"2023-07-14T12:54:19","guid":{"rendered":"https:\/\/old.b2com.africa\/?post_type=product&#038;p=4554"},"modified":"2023-07-14T14:56:47","modified_gmt":"2023-07-14T12:56:47","slug":"flyers-dl-10-x-21-cm","status":"publish","type":"product","link":"https:\/\/old.b2com.africa\/index.php\/product\/flyers-dl-10-x-21-cm\/","title":{"rendered":"Flyers DL (10 x 21 cm)"},"content":{"rendered":"<p>Vous recherchez un flyer singulier qui se diff\u00e9rencie des autres flyers traditionnels?<\/p>\n<p>Appel\u00e9 \u00e9galement flyer carte de correspondance, le flyer DL 100% personnalisable fera mouche lors de vos \u00e9v\u00e9nements et actions promotionnelles. Misez alors sur ce flyer au format rectangulaire si caract\u00e9ristique et donnez un ton plus solennel \u00e0 toutes vos invitations telles que : soir\u00e9es priv\u00e9es, inaugurations, comm\u00e9morations.<\/p>\n","protected":false},"excerpt":{"rendered":"<h1 class=\"title-small\">Flyer DL, Flyers 10 x 21 cm, Flyer format carte de correspondance<\/h1>\n","protected":false},"author":5,"featured_media":4556,"comment_status":"open","ping_status":"closed","template":"","meta":{"content-type":""},"product_cat":[92,64,72],"product_tag":[],"_links":{"self":[{"href":"https:\/\/old.b2com.africa\/index.php\/wp-json\/wp\/v2\/product\/4554"}],"collection":[{"href":"https:\/\/old.b2com.africa\/index.php\/wp-json\/wp\/v2\/product"}],"about":[{"href":"https:\/\/old.b2com.africa\/index.php\/wp-json\/wp\/v2\/types\/product"}],"author":[{"embeddable":true,"href":"https:\/\/old.b2com.africa\/index.php\/wp-json\/wp\/v2\/users\/5"}],"replies":[{"embeddable":true,"href":"https:\/\/old.b2com.africa\/index.php\/wp-json\/wp\/v2\/comments?post=4554"}],"version-history":[{"count":1,"href":"https:\/\/old.b2com.africa\/index.php\/wp-json\/wp\/v2\/product\/4554\/revisions"}],"predecessor-version":[{"id":4557,"href":"https:\/\/old.b2com.africa\/index.php\/wp-json\/wp\/v2\/product\/4554\/revisions\/4557"}],"wp:featuredmedia":[{"embeddable":true,"href":"https:\/\/old.b2com.africa\/index.php\/wp-json\/wp\/v2\/media\/4556"}],"wp:attachment":[{"href":"https:\/\/old.b2com.africa\/index.php\/wp-json\/wp\/v2\/media?parent=4554"}],"wp:term":[{"taxonomy":"product_cat","embeddable":true,"href":"https:\/\/old.b2com.africa\/index.php\/wp-json\/wp\/v2\/product_cat?post=4554"},{"taxonomy":"product_tag","embeddable":true,"href":"https:\/\/old.b2com.africa\/index.php\/wp-json\/wp\/v2\/product_tag?post=4554"}],"curies":[{"name":"wp","href":"https:\/\/api.w.org\/{rel}","templated":true}]}}