{"id":4528,"date":"2023-07-14T14:41:07","date_gmt":"2023-07-14T12:41:07","guid":{"rendered":"https:\/\/old.b2com.africa\/?post_type=product&#038;p=4528"},"modified":"2023-07-14T14:41:07","modified_gmt":"2023-07-14T12:41:07","slug":"flyers-carre-15-x-15-cm","status":"publish","type":"product","link":"https:\/\/old.b2com.africa\/index.php\/product\/flyers-carre-15-x-15-cm\/","title":{"rendered":"Flyers Carr\u00e9 (15 x 15 cm)"},"content":{"rendered":"<div class=\"title-medium\"><\/div>\n<div class=\"title-medium\"><span style=\"font-size: 16px\">Ajoutez une touche d&#8217;originalit\u00e9 \u00e0 votre communication et cr\u00e9ez votre flyer format personnalis\u00e9 hors du commun. Id\u00e9al pour d\u00e9velopper votre communication, le flyer sur-mesure vous fera remarquer gr\u00e2ce \u00e0 sa forme originale et ses finitions prestige. Pour donner du cachet \u00e0 votre flyer format personnalis\u00e9, nous vous prosposons diverses options (papier, grammage, pelliculage&#8230;)<\/span><\/div>\n","protected":false},"excerpt":{"rendered":"<h1 class=\"title-small\">Flyers personnalis\u00e9s &#8211; Impression flyers sur-mesure<\/h1>\n","protected":false},"author":5,"featured_media":4549,"comment_status":"open","ping_status":"closed","template":"","meta":{"content-type":""},"product_cat":[92,64,72],"product_tag":[],"_links":{"self":[{"href":"https:\/\/old.b2com.africa\/index.php\/wp-json\/wp\/v2\/product\/4528"}],"collection":[{"href":"https:\/\/old.b2com.africa\/index.php\/wp-json\/wp\/v2\/product"}],"about":[{"href":"https:\/\/old.b2com.africa\/index.php\/wp-json\/wp\/v2\/types\/product"}],"author":[{"embeddable":true,"href":"https:\/\/old.b2com.africa\/index.php\/wp-json\/wp\/v2\/users\/5"}],"replies":[{"embeddable":true,"href":"https:\/\/old.b2com.africa\/index.php\/wp-json\/wp\/v2\/comments?post=4528"}],"version-history":[{"count":1,"href":"https:\/\/old.b2com.africa\/index.php\/wp-json\/wp\/v2\/product\/4528\/revisions"}],"predecessor-version":[{"id":4550,"href":"https:\/\/old.b2com.africa\/index.php\/wp-json\/wp\/v2\/product\/4528\/revisions\/4550"}],"wp:featuredmedia":[{"embeddable":true,"href":"https:\/\/old.b2com.africa\/index.php\/wp-json\/wp\/v2\/media\/4549"}],"wp:attachment":[{"href":"https:\/\/old.b2com.africa\/index.php\/wp-json\/wp\/v2\/media?parent=4528"}],"wp:term":[{"taxonomy":"product_cat","embeddable":true,"href":"https:\/\/old.b2com.africa\/index.php\/wp-json\/wp\/v2\/product_cat?post=4528"},{"taxonomy":"product_tag","embeddable":true,"href":"https:\/\/old.b2com.africa\/index.php\/wp-json\/wp\/v2\/product_tag?post=4528"}],"curies":[{"name":"wp","href":"https:\/\/api.w.org\/{rel}","templated":true}]}}