{"id":4504,"date":"2023-07-14T00:34:47","date_gmt":"2023-07-13T22:34:47","guid":{"rendered":"https:\/\/old.b2com.africa\/?post_type=product&#038;p=4504"},"modified":"2025-08-02T16:33:04","modified_gmt":"2025-08-02T14:33:04","slug":"flyers-a4-21-x-29-7-cm","status":"publish","type":"product","link":"https:\/\/old.b2com.africa\/index.php\/product\/flyers-a4-21-x-29-7-cm\/","title":{"rendered":"Flyers A4 (21 x 29.7 cm)"},"content":{"rendered":"<p>Vous avez beaucoup d&#8217;informations \u00e0 imprimer sur votre flyer ? Le format A4 est le plus grand dans la cat\u00e9gorie flyer. Apportant une grande surface d&#8217;impression, il sera adapt\u00e9 comme mini affiche \u00e0 disposer dans des panneaux d&#8217;affichage ou vitrines de commerce. \u00c0 privil\u00e9gier pour annoncer un concert, lister tous les avantages d&#8217;un nouveau produit ou encore pr\u00e9senter une offre dans une vitrine commer\u00e7ante.<\/p>\n","protected":false},"excerpt":{"rendered":"<h1 class=\"title-small\">Flyers A4 &#8211; Flyers 21 x 29,7 cm &#8211; Impression Flyers Publicitaires<\/h1>\n","protected":false},"author":5,"featured_media":4553,"comment_status":"open","ping_status":"closed","template":"","meta":{"content-type":""},"product_cat":[92,64,72],"product_tag":[],"_links":{"self":[{"href":"https:\/\/old.b2com.africa\/index.php\/wp-json\/wp\/v2\/product\/4504"}],"collection":[{"href":"https:\/\/old.b2com.africa\/index.php\/wp-json\/wp\/v2\/product"}],"about":[{"href":"https:\/\/old.b2com.africa\/index.php\/wp-json\/wp\/v2\/types\/product"}],"author":[{"embeddable":true,"href":"https:\/\/old.b2com.africa\/index.php\/wp-json\/wp\/v2\/users\/5"}],"replies":[{"embeddable":true,"href":"https:\/\/old.b2com.africa\/index.php\/wp-json\/wp\/v2\/comments?post=4504"}],"version-history":[{"count":1,"href":"https:\/\/old.b2com.africa\/index.php\/wp-json\/wp\/v2\/product\/4504\/revisions"}],"predecessor-version":[{"id":4506,"href":"https:\/\/old.b2com.africa\/index.php\/wp-json\/wp\/v2\/product\/4504\/revisions\/4506"}],"wp:featuredmedia":[{"embeddable":true,"href":"https:\/\/old.b2com.africa\/index.php\/wp-json\/wp\/v2\/media\/4553"}],"wp:attachment":[{"href":"https:\/\/old.b2com.africa\/index.php\/wp-json\/wp\/v2\/media?parent=4504"}],"wp:term":[{"taxonomy":"product_cat","embeddable":true,"href":"https:\/\/old.b2com.africa\/index.php\/wp-json\/wp\/v2\/product_cat?post=4504"},{"taxonomy":"product_tag","embeddable":true,"href":"https:\/\/old.b2com.africa\/index.php\/wp-json\/wp\/v2\/product_tag?post=4504"}],"curies":[{"name":"wp","href":"https:\/\/api.w.org\/{rel}","templated":true}]}}