{"id":4481,"date":"2023-07-14T00:20:25","date_gmt":"2023-07-13T22:20:25","guid":{"rendered":"https:\/\/old.b2com.africa\/?post_type=product&#038;p=4481"},"modified":"2023-07-14T14:45:29","modified_gmt":"2023-07-14T12:45:29","slug":"flyers-a5-148-x-21-cm","status":"publish","type":"product","link":"https:\/\/old.b2com.africa\/index.php\/product\/flyers-a5-148-x-21-cm\/","title":{"rendered":"Flyers A5 (14,8 x 21 cm)"},"content":{"rendered":"<p>Donnant suffisamment d&#8217;espace d&#8217;impression, le flyer A5 est le format le plus couramment utilis\u00e9. Il est encore appel\u00e9 Prospectus.<\/p>\n<p>Il est id\u00e9al comme menu de restaurant ou pour annoncer un \u00e9v\u00e8nement. Tr\u00e8s pl\u00e9biscit\u00e9 par les entreprises souhaitant v\u00e9hiculer leurs messages \u00e0 petit prix, le flyer A5 100% personnalisable permettra de r\u00e9aliser des flyers du type plaquette professionnelle (pr\u00e9sentation d&#8217;une marque, entreprise, nouvelle gamme de produits).<\/p>\n<p>Pr\u00e9ciser \u00e0 la commande, si vous souhaitez un papier couch\u00e9 brillant ou couch\u00e9 mat ; cela n&#8217;a aucune incidence sur le prix.<\/p>\n","protected":false},"excerpt":{"rendered":"<h1 class=\"title-small\">Flyers A5 &#8211; Flyers 14,8 x 21 cm &#8211; Impression Flyers en Ligne<\/h1>\n","protected":false},"author":5,"featured_media":4552,"comment_status":"open","ping_status":"closed","template":"","meta":{"content-type":""},"product_cat":[92,64,72],"product_tag":[],"_links":{"self":[{"href":"https:\/\/old.b2com.africa\/index.php\/wp-json\/wp\/v2\/product\/4481"}],"collection":[{"href":"https:\/\/old.b2com.africa\/index.php\/wp-json\/wp\/v2\/product"}],"about":[{"href":"https:\/\/old.b2com.africa\/index.php\/wp-json\/wp\/v2\/types\/product"}],"author":[{"embeddable":true,"href":"https:\/\/old.b2com.africa\/index.php\/wp-json\/wp\/v2\/users\/5"}],"replies":[{"embeddable":true,"href":"https:\/\/old.b2com.africa\/index.php\/wp-json\/wp\/v2\/comments?post=4481"}],"version-history":[{"count":1,"href":"https:\/\/old.b2com.africa\/index.php\/wp-json\/wp\/v2\/product\/4481\/revisions"}],"predecessor-version":[{"id":4503,"href":"https:\/\/old.b2com.africa\/index.php\/wp-json\/wp\/v2\/product\/4481\/revisions\/4503"}],"wp:featuredmedia":[{"embeddable":true,"href":"https:\/\/old.b2com.africa\/index.php\/wp-json\/wp\/v2\/media\/4552"}],"wp:attachment":[{"href":"https:\/\/old.b2com.africa\/index.php\/wp-json\/wp\/v2\/media?parent=4481"}],"wp:term":[{"taxonomy":"product_cat","embeddable":true,"href":"https:\/\/old.b2com.africa\/index.php\/wp-json\/wp\/v2\/product_cat?post=4481"},{"taxonomy":"product_tag","embeddable":true,"href":"https:\/\/old.b2com.africa\/index.php\/wp-json\/wp\/v2\/product_tag?post=4481"}],"curies":[{"name":"wp","href":"https:\/\/api.w.org\/{rel}","templated":true}]}}