{"id":4353,"date":"2023-07-13T19:09:41","date_gmt":"2023-07-13T17:09:41","guid":{"rendered":"https:\/\/old.b2com.africa\/?post_type=product&#038;p=4353"},"modified":"2023-07-14T14:43:22","modified_gmt":"2023-07-14T12:43:22","slug":"flyer-a6-15-x-10-cm","status":"publish","type":"product","link":"https:\/\/old.b2com.africa\/index.php\/product\/flyer-a6-15-x-10-cm\/","title":{"rendered":"Flyer A6 (15 x 10 cm)"},"content":{"rendered":"<p>Petit et efficace, ce flyer carte postale sera parfait pour envoyer vos cartes d&#8217;invitation \u00e0 l&#8217;occasion d&#8217;une journ\u00e9e portes-ouvertes, inauguration, s\u00e9minaire ou salon professionnel.<\/p>\n<p>Il dispose des dimensions id\u00e9ales pour une distribution de main en main, en bo\u00eete aux lettres ou sur les pare-brises des voitures. Misez alors sur le flyer A6 100% personnalis\u00e9 que vous pourrez utiliser comme carton d&#8217;invitation de luxe pour des soir\u00e9es, des concerts priv\u00e9s ou des vernissages.<\/p>\n","protected":false},"excerpt":{"rendered":"<h1 class=\"title-small\">Flyers A6 &#8211; Flyers 10 x 15cm &#8211; Flyers Format Carte Postale<\/h1>\n","protected":false},"author":5,"featured_media":4551,"comment_status":"open","ping_status":"closed","template":"","meta":{"content-type":""},"product_cat":[92,64,72],"product_tag":[],"_links":{"self":[{"href":"https:\/\/old.b2com.africa\/index.php\/wp-json\/wp\/v2\/product\/4353"}],"collection":[{"href":"https:\/\/old.b2com.africa\/index.php\/wp-json\/wp\/v2\/product"}],"about":[{"href":"https:\/\/old.b2com.africa\/index.php\/wp-json\/wp\/v2\/types\/product"}],"author":[{"embeddable":true,"href":"https:\/\/old.b2com.africa\/index.php\/wp-json\/wp\/v2\/users\/5"}],"replies":[{"embeddable":true,"href":"https:\/\/old.b2com.africa\/index.php\/wp-json\/wp\/v2\/comments?post=4353"}],"version-history":[{"count":1,"href":"https:\/\/old.b2com.africa\/index.php\/wp-json\/wp\/v2\/product\/4353\/revisions"}],"predecessor-version":[{"id":4410,"href":"https:\/\/old.b2com.africa\/index.php\/wp-json\/wp\/v2\/product\/4353\/revisions\/4410"}],"wp:featuredmedia":[{"embeddable":true,"href":"https:\/\/old.b2com.africa\/index.php\/wp-json\/wp\/v2\/media\/4551"}],"wp:attachment":[{"href":"https:\/\/old.b2com.africa\/index.php\/wp-json\/wp\/v2\/media?parent=4353"}],"wp:term":[{"taxonomy":"product_cat","embeddable":true,"href":"https:\/\/old.b2com.africa\/index.php\/wp-json\/wp\/v2\/product_cat?post=4353"},{"taxonomy":"product_tag","embeddable":true,"href":"https:\/\/old.b2com.africa\/index.php\/wp-json\/wp\/v2\/product_tag?post=4353"}],"curies":[{"name":"wp","href":"https:\/\/api.w.org\/{rel}","templated":true}]}}