{"id":3843,"date":"2023-07-04T15:58:55","date_gmt":"2023-07-04T13:58:55","guid":{"rendered":"https:\/\/old.b2com.africa\/?post_type=product&#038;p=3843"},"modified":"2025-10-20T18:43:07","modified_gmt":"2025-10-20T16:43:07","slug":"powerbank-en-bambou","status":"publish","type":"product","link":"https:\/\/old.b2com.africa\/index.php\/product\/powerbank-en-bambou\/","title":{"rendered":"Powerbank en Bambou Leyticia"},"content":{"rendered":"<div id=\"short_description_block\">\n<div id=\"short_description_content\" class=\"rte align_justify\">\n<p>Ce chargeur de secours \/\u00a0<strong>power bank publicitaire\u00a0<\/strong>utilise la technologie d&#8217;induction unique qui permet de recharger vos appareils num\u00e9riques en pla\u00e7ant votre t\u00e9l\u00e9phone sur l&#8217;aire d&#8217;induction. Batterie lithium : 4000 mAh \u00e0 10.000 mAh. En bambou, votre communication a un fort engagement du respect de l&#8217;environnement : \u00e9cologique.<\/p>\n<p>Connecteur usb type C. Sortie powerbank DC5V \/ 2A. Sortie sans fil: DC5V \/ 1A<\/p>\n<\/div>\n<\/div>\n<ul id=\"features_block\">\n<li>Couleurs :\u00a0Bambou<\/li>\n<li>Dimensions :\u00a014,5 x 7,5 x 1,6 cm<\/li>\n<li>Marquage :\u00a0Gravure laser, s\u00e9rigraphie<\/li>\n<li>Quantit\u00e9 minimum : 50 exemplaires<\/li>\n<\/ul>\n","protected":false},"excerpt":{"rendered":"<p>Powerbank en bambou id\u00e9al pour un produit \u00e9cologique tendance.<\/p>\n","protected":false},"author":5,"featured_media":6513,"comment_status":"open","ping_status":"closed","template":"","meta":{"content-type":""},"product_cat":[68,187,391],"product_tag":[],"_links":{"self":[{"href":"https:\/\/old.b2com.africa\/index.php\/wp-json\/wp\/v2\/product\/3843"}],"collection":[{"href":"https:\/\/old.b2com.africa\/index.php\/wp-json\/wp\/v2\/product"}],"about":[{"href":"https:\/\/old.b2com.africa\/index.php\/wp-json\/wp\/v2\/types\/product"}],"author":[{"embeddable":true,"href":"https:\/\/old.b2com.africa\/index.php\/wp-json\/wp\/v2\/users\/5"}],"replies":[{"embeddable":true,"href":"https:\/\/old.b2com.africa\/index.php\/wp-json\/wp\/v2\/comments?post=3843"}],"version-history":[{"count":4,"href":"https:\/\/old.b2com.africa\/index.php\/wp-json\/wp\/v2\/product\/3843\/revisions"}],"predecessor-version":[{"id":6516,"href":"https:\/\/old.b2com.africa\/index.php\/wp-json\/wp\/v2\/product\/3843\/revisions\/6516"}],"wp:featuredmedia":[{"embeddable":true,"href":"https:\/\/old.b2com.africa\/index.php\/wp-json\/wp\/v2\/media\/6513"}],"wp:attachment":[{"href":"https:\/\/old.b2com.africa\/index.php\/wp-json\/wp\/v2\/media?parent=3843"}],"wp:term":[{"taxonomy":"product_cat","embeddable":true,"href":"https:\/\/old.b2com.africa\/index.php\/wp-json\/wp\/v2\/product_cat?post=3843"},{"taxonomy":"product_tag","embeddable":true,"href":"https:\/\/old.b2com.africa\/index.php\/wp-json\/wp\/v2\/product_tag?post=3843"}],"curies":[{"name":"wp","href":"https:\/\/api.w.org\/{rel}","templated":true}]}}