{"id":3131,"date":"2023-05-31T15:08:39","date_gmt":"2023-05-31T13:08:39","guid":{"rendered":"https:\/\/old.b2com.africa\/?post_type=product&#038;p=3131"},"modified":"2025-11-01T00:53:36","modified_gmt":"2025-10-31T23:53:36","slug":"stickers-ou-autocollants","status":"publish","type":"product","link":"https:\/\/old.b2com.africa\/index.php\/product\/stickers-ou-autocollants\/","title":{"rendered":"Stickers ou Autocollants blancs"},"content":{"rendered":"<p>Vous voulez marquer durablement les esprits de vos clients avec des autocollants de qualit\u00e9 ?<\/p>\n<p>Les stickers adh\u00e9sifs blancs sont l&#8217;outil marketing le plus couramment utilis\u00e9.<\/p>\n<p>Il est possible de le disposer sur un grand nombre de supports et peut \u00eatre utilis\u00e9 pour promouvoir vos campagnes au sein de votre boutique (stickers vitrine et stickers muraux), \u00e0 distribuer lors d&#8217;op\u00e9ration de street marketing pour v\u00e9hiculer vos messages publicitaires ou encore pour am\u00e9liorer la visibilit\u00e9 de vos colis en les rendant plus facilement identifiables.<\/p>\n","protected":false},"excerpt":{"rendered":"<h1 class=\"title-small\">Sticker blanc, autocollant publicitaire &#8211; Autocollant Sur-Mesure.<\/h1>\n","protected":false},"author":2,"featured_media":4891,"comment_status":"open","ping_status":"closed","template":"","meta":{"content-type":""},"product_cat":[69,64,79],"product_tag":[],"_links":{"self":[{"href":"https:\/\/old.b2com.africa\/index.php\/wp-json\/wp\/v2\/product\/3131"}],"collection":[{"href":"https:\/\/old.b2com.africa\/index.php\/wp-json\/wp\/v2\/product"}],"about":[{"href":"https:\/\/old.b2com.africa\/index.php\/wp-json\/wp\/v2\/types\/product"}],"author":[{"embeddable":true,"href":"https:\/\/old.b2com.africa\/index.php\/wp-json\/wp\/v2\/users\/2"}],"replies":[{"embeddable":true,"href":"https:\/\/old.b2com.africa\/index.php\/wp-json\/wp\/v2\/comments?post=3131"}],"version-history":[{"count":3,"href":"https:\/\/old.b2com.africa\/index.php\/wp-json\/wp\/v2\/product\/3131\/revisions"}],"predecessor-version":[{"id":4906,"href":"https:\/\/old.b2com.africa\/index.php\/wp-json\/wp\/v2\/product\/3131\/revisions\/4906"}],"wp:featuredmedia":[{"embeddable":true,"href":"https:\/\/old.b2com.africa\/index.php\/wp-json\/wp\/v2\/media\/4891"}],"wp:attachment":[{"href":"https:\/\/old.b2com.africa\/index.php\/wp-json\/wp\/v2\/media?parent=3131"}],"wp:term":[{"taxonomy":"product_cat","embeddable":true,"href":"https:\/\/old.b2com.africa\/index.php\/wp-json\/wp\/v2\/product_cat?post=3131"},{"taxonomy":"product_tag","embeddable":true,"href":"https:\/\/old.b2com.africa\/index.php\/wp-json\/wp\/v2\/product_tag?post=3131"}],"curies":[{"name":"wp","href":"https:\/\/api.w.org\/{rel}","templated":true}]}}