{"id":3094,"date":"2023-05-31T17:32:39","date_gmt":"2023-05-31T15:32:39","guid":{"rendered":"https:\/\/old.b2com.africa\/?post_type=product&#038;p=3094"},"modified":"2023-07-16T22:02:41","modified_gmt":"2023-07-16T20:02:41","slug":"carte-dinvitation","status":"publish","type":"product","link":"https:\/\/old.b2com.africa\/index.php\/product\/carte-dinvitation\/","title":{"rendered":"Cartons d&#8217;invitation Standards"},"content":{"rendered":"<p>Alors peut-\u00eatre aurez-vous besoin de cartons d\u2019invitation standards ou de faire-part personnalis\u00e9s pour l\u2019occasion !<\/p>\n<p>Faites imprimer vos cartes d\u2019invitation \u00e0 votre image et aux couleurs du th\u00e8me de votre \u00e9v\u00e9nement afin qu\u2019elles soient en parfaite ad\u00e9quation avec vos festivit\u00e9s.<\/p>\n<p>Que ce soit pour un mariage, une soir\u00e9e, un anniversaire ou un \u00e9v\u00e9nement professionnel, nous vous proposons une large gamme de cartes d\u2019invitation que vous pouvez personnaliser vous m\u00eame !<\/p>\n<p>En fonction du th\u00e8me choisi, vous trouverez le carton d\u2019invitation adapt\u00e9 \u00e0 votre \u00e9v\u00e9nement avec des designs originaux.<\/p>\n","protected":false},"excerpt":{"rendered":"<h1 class=\"title-small\">Le carton d\u2019invitation : le support de communication par excellence<\/h1>\n","protected":false},"author":2,"featured_media":3310,"comment_status":"open","ping_status":"closed","template":"","meta":{"content-type":""},"product_cat":[76,69,64],"product_tag":[],"_links":{"self":[{"href":"https:\/\/old.b2com.africa\/index.php\/wp-json\/wp\/v2\/product\/3094"}],"collection":[{"href":"https:\/\/old.b2com.africa\/index.php\/wp-json\/wp\/v2\/product"}],"about":[{"href":"https:\/\/old.b2com.africa\/index.php\/wp-json\/wp\/v2\/types\/product"}],"author":[{"embeddable":true,"href":"https:\/\/old.b2com.africa\/index.php\/wp-json\/wp\/v2\/users\/2"}],"replies":[{"embeddable":true,"href":"https:\/\/old.b2com.africa\/index.php\/wp-json\/wp\/v2\/comments?post=3094"}],"version-history":[{"count":3,"href":"https:\/\/old.b2com.africa\/index.php\/wp-json\/wp\/v2\/product\/3094\/revisions"}],"predecessor-version":[{"id":4868,"href":"https:\/\/old.b2com.africa\/index.php\/wp-json\/wp\/v2\/product\/3094\/revisions\/4868"}],"wp:featuredmedia":[{"embeddable":true,"href":"https:\/\/old.b2com.africa\/index.php\/wp-json\/wp\/v2\/media\/3310"}],"wp:attachment":[{"href":"https:\/\/old.b2com.africa\/index.php\/wp-json\/wp\/v2\/media?parent=3094"}],"wp:term":[{"taxonomy":"product_cat","embeddable":true,"href":"https:\/\/old.b2com.africa\/index.php\/wp-json\/wp\/v2\/product_cat?post=3094"},{"taxonomy":"product_tag","embeddable":true,"href":"https:\/\/old.b2com.africa\/index.php\/wp-json\/wp\/v2\/product_tag?post=3094"}],"curies":[{"name":"wp","href":"https:\/\/api.w.org\/{rel}","templated":true}]}}