{"id":3068,"date":"2023-05-30T18:32:12","date_gmt":"2023-05-30T16:32:12","guid":{"rendered":"https:\/\/old.b2com.africa\/?post_type=product&#038;p=3068"},"modified":"2025-10-28T12:13:54","modified_gmt":"2025-10-28T11:13:54","slug":"carte-de-voeux","status":"publish","type":"product","link":"https:\/\/old.b2com.africa\/index.php\/product\/carte-de-voeux\/","title":{"rendered":"Carte de v\u0153ux Moderne"},"content":{"rendered":"<p class=\"p1\">Ouvrons ensemble de nouvelles perspectives.<\/p>\n<p class=\"p1\">Cette carte de v\u0153ux professionnelle au style moderne et soign\u00e9 assure une vision optimiste et futuriste de la nouvelle ann\u00e9e.<\/p>\n<p class=\"p1\">Ce mod\u00e8le est id\u00e9al pour les professionnels de l&#8217;immobilier qui souhaitent promouvoir leur image de marque.<\/p>\n<p class=\"p1\">Vous avez en main toutes les clefs pour des v\u0153ux 2023 r\u00e9ussis !<\/p>\n","protected":false},"excerpt":{"rendered":"<h2 class=\"p1\">Les clefs de l&#8217;avenir avec cette carte de v\u0153ux tendance.<\/h2>\n<p class=\"p1\">\n","protected":false},"author":2,"featured_media":4698,"comment_status":"open","ping_status":"closed","template":"","meta":{"content-type":""},"product_cat":[74,69,64],"product_tag":[],"_links":{"self":[{"href":"https:\/\/old.b2com.africa\/index.php\/wp-json\/wp\/v2\/product\/3068"}],"collection":[{"href":"https:\/\/old.b2com.africa\/index.php\/wp-json\/wp\/v2\/product"}],"about":[{"href":"https:\/\/old.b2com.africa\/index.php\/wp-json\/wp\/v2\/types\/product"}],"author":[{"embeddable":true,"href":"https:\/\/old.b2com.africa\/index.php\/wp-json\/wp\/v2\/users\/2"}],"replies":[{"embeddable":true,"href":"https:\/\/old.b2com.africa\/index.php\/wp-json\/wp\/v2\/comments?post=3068"}],"version-history":[{"count":3,"href":"https:\/\/old.b2com.africa\/index.php\/wp-json\/wp\/v2\/product\/3068\/revisions"}],"predecessor-version":[{"id":4701,"href":"https:\/\/old.b2com.africa\/index.php\/wp-json\/wp\/v2\/product\/3068\/revisions\/4701"}],"wp:featuredmedia":[{"embeddable":true,"href":"https:\/\/old.b2com.africa\/index.php\/wp-json\/wp\/v2\/media\/4698"}],"wp:attachment":[{"href":"https:\/\/old.b2com.africa\/index.php\/wp-json\/wp\/v2\/media?parent=3068"}],"wp:term":[{"taxonomy":"product_cat","embeddable":true,"href":"https:\/\/old.b2com.africa\/index.php\/wp-json\/wp\/v2\/product_cat?post=3068"},{"taxonomy":"product_tag","embeddable":true,"href":"https:\/\/old.b2com.africa\/index.php\/wp-json\/wp\/v2\/product_tag?post=3068"}],"curies":[{"name":"wp","href":"https:\/\/api.w.org\/{rel}","templated":true}]}}